{"id":466,"date":"2014-09-29T08:43:13","date_gmt":"2014-09-29T05:43:13","guid":{"rendered":"http:\/\/www.luomusaatio.fi\/wp\/?page_id=466"},"modified":"2026-03-05T18:55:47","modified_gmt":"2026-03-05T16:55:47","slug":"myonnetyt-avustukset","status":"publish","type":"page","link":"https:\/\/www.luomusaatio.fi\/wp\/avustusten-haku\/myonnetyt-avustukset\/","title":{"rendered":"My\u00f6nnetyt avustukset"},"content":{"rendered":"<p><strong>My\u00f6nnetyt avustukset<\/strong><\/p>\n<p><strong>2025<br \/>\n<\/strong><\/p>\n<p><strong>Luomus\u00e4\u00e4ti\u00f6 on tukemassa seuraavia hankkeita:<\/strong><\/p>\n<p>&#8221;Uutta virtaa J\u00e4rvi-Suomen Luomuun&#8221; hanketta.<\/p>\n<ul>\n<li><a href=\"http:\/\/www.luomusaatio.fi\/wp\/wp-content\/uploads\/2025\/08\/jarvisuomenhanke.pdf\" target=\"_blank\" rel=\"noopener\">Hankekuvaus (pdf)<\/a><\/li>\n<\/ul>\n<p>&#8221;Suomalaisten Luomutilojen viljelykierrot&#8221;<\/p>\n<ul>\n<li><a href=\"http:\/\/www.luomusaatio.fi\/wp\/wp-content\/uploads\/2026\/02\/Luomuviljelykierrot-_-Tiivistelma_hankkeesta.pdf\" target=\"_blank\" rel=\"noopener\">Hankekuvaus (pdf)<\/a><\/li>\n<\/ul>\n<p>&#8221;Luomuoppikirja 2.0 \u2013 luomutietoa ja -osaamista ruokaj\u00e4rjestelm\u00e4n toimijoille&#8221;<\/p>\n<ul>\n<li><a href=\"http:\/\/www.luomusaatio.fi\/wp\/wp-content\/uploads\/2026\/03\/Luomuoppikirja-hankekuvaus.pdf\" target=\"_blank\" rel=\"noopener\">Hankekuvaus (pdf)<\/a><\/li>\n<\/ul>\n<p><strong>2024<\/strong><\/p>\n<p>Luomus\u00e4\u00e4ti\u00f6 on p\u00e4\u00e4tt\u00e4nyt osallistua &#8221;Luomukauralajikkeiden erityispiirteet&#8221; hankkeen rahoitukseen.<\/p>\n<ul>\n<li><a href=\"http:\/\/www.luomusaatio.fi\/wp\/wp-content\/uploads\/2025\/01\/luomukaura-tiivistelma.pdf\" target=\"_blank\" rel=\"noopener\">Hankekuvaus (pdf)<\/a><strong><a href=\"http:\/\/www.luomusaatio.fi\/wp\/wp-content\/uploads\/2015\/10\/valtra2.jpg\"><img loading=\"lazy\" decoding=\"async\" class=\"alignright wp-image-547\" src=\"http:\/\/www.luomusaatio.fi\/wp\/wp-content\/uploads\/2015\/10\/valtra2-1024x768.jpg\" alt=\"\" width=\"529\" height=\"397\" srcset=\"https:\/\/www.luomusaatio.fi\/wp\/wp-content\/uploads\/2015\/10\/valtra2-1024x768.jpg 1024w, https:\/\/www.luomusaatio.fi\/wp\/wp-content\/uploads\/2015\/10\/valtra2-300x225.jpg 300w, https:\/\/www.luomusaatio.fi\/wp\/wp-content\/uploads\/2015\/10\/valtra2.jpg 2000w\" sizes=\"auto, (max-width: 529px) 100vw, 529px\" \/><\/a><\/strong><\/li>\n<\/ul>\n<p><strong>2021<\/strong><\/p>\n<p>Luomus\u00e4\u00e4ti\u00f6 avustaa &#8221;Luomuviljakasvien resiliensin lis\u00e4\u00e4mismahdollisuudet paikallisolosuhteissa&#8221; hanketta.<\/p>\n<ul>\n<li><a href=\"http:\/\/www.luomusaatio.fi\/wp\/wp-content\/uploads\/2022\/02\/Luomusaatio_Viljasoppa_kuvaus_2022.pdf\" target=\"_blank\" rel=\"noopener\">Hankekuvaus (pdf)<\/a><\/li>\n<\/ul>\n<p><strong>2020<\/strong><\/p>\n<p>Luomus\u00e4\u00e4ti\u00f6 tukee luomusiementuotannon kehitt\u00e4mist\u00e4<\/p>\n<ul>\n<li>Tuottavaa luomua \u2013luomusiementuotannon vahvistaminen &#8211;<br \/>\nhanke. <a href=\"http:\/\/www.luomusaatio.fi\/wp\/wp-content\/uploads\/2020\/06\/Tuottavaa-luomua-hanketiivistelm\u00e4.pdf\" target=\"_blank\" rel=\"noopener noreferrer\">Hankekuvaus.<\/a><\/li>\n<\/ul>\n<p><strong>2019<\/strong><\/p>\n<p>Luomus\u00e4\u00e4ti\u00f6 rahoittaa hanketta &#8221;Regeneratiivinen viljely osana luomutuotannon ja sen hiilensidonnan edist\u00e4mist\u00e4&#8221;. Vuosina 2020-2021.<\/p>\n<ul>\n<li><a href=\"http:\/\/www.luomusaatio.fi\/wp\/wp-content\/uploads\/2020\/02\/Tiivistelm\u00e4-Luomu-2.0-hanke.pdf\" target=\"_blank\" rel=\"noopener noreferrer\">Tiivistelm\u00e4 Luomu 2.0 hanke<\/a><\/li>\n<\/ul>\n<p><strong>2017<\/strong><\/p>\n<p>Luomus\u00e4\u00e4ti\u00f6n hallitus p\u00e4\u00e4tti avustaa Luomutuottajien hyvinvointi ja liikkeenjohto-hanketta vuosina 2018-2019.<\/p>\n<ul>\n<li><a href=\"http:\/\/www.luomusaatio.fi\/wp\/wp-content\/uploads\/2018\/01\/lyhennelma.pdf\" target=\"_blank\" rel=\"noopener noreferrer\">Hankekuvaus (pdf)<\/a><\/li>\n<\/ul>\n<p><strong>2016<br \/>\n<\/strong>Vuoden 2015 avustushaun toisena kohteena s\u00e4\u00e4ti\u00f6 hallitus on p\u00e4\u00e4tt\u00e4nyt olla mukana Osmo hankkeen rahoituksessa.<\/p>\n<ul>\n<li><a href=\"http:\/\/www.luomusaatio.fi\/wp\/wp-content\/uploads\/2016\/06\/OSMO_tiedote_luomusaatio.pdf\" target=\"_blank\" rel=\"noopener noreferrer\">Osmo-hanke (hankekuvaus, pdf).<\/a><\/li>\n<li><a href=\"http:\/\/www.maan-kasvukunto.fi\" target=\"_blank\" rel=\"noopener noreferrer\">Kotisivu<\/a><\/li>\n<\/ul>\n<p><strong>2015<br \/>\n<\/strong>Luomus\u00e4\u00e4ti\u00f6n hallitus on p\u00e4\u00e4tt\u00e4nyt my\u00f6nt\u00e4\u00e4 2015 avustuksen kahdelle hankkeelle .<\/p>\n<ul>\n<li><a href=\"http:\/\/www.luomusaatio.fi\/wp\/wp-content\/uploads\/2016\/02\/viherteho.pdf\" target=\"_blank\" rel=\"noopener noreferrer\">Viherteho (hankekuvaus, pdf).<\/a><\/li>\n<li>Luomus\u00e4\u00e4ti\u00f6 oli mukana rahoittamassa \u201d <a href=\"http:\/\/www.luomusaatio.fi\/wp\/wp-content\/uploads\/2015\/10\/2015-08-20-Luomutalous-tuo-uutta-kasvua-pages-web.pdf\" target=\"_blank\" rel=\"noopener\">LUOMUTALOUS TUO UUTTA KASVUA, Tutkimuspohjaista ideapaperia<\/a>\u201d.<\/li>\n<\/ul>\n<p><strong>2014<br \/>\n<\/strong>Luomus\u00e4\u00e4ti\u00f6n hallitus on p\u00e4\u00e4tt\u00e4nyt my\u00f6nt\u00e4\u00e4 2014 avustuksen monivuotisten rikkakasvien hallintakeinojen kehitt\u00e4miseen luonnonmukaisessa viljelyss\u00e4. Avustettava hanke on kaksivuotinen ja alkaa kev\u00e4\u00e4ll\u00e4 2015.<\/p>\n<ul>\n<li><a href=\"http:\/\/www.luomusaatio.fi\/wp\/wp-content\/uploads\/2014\/12\/Lukekas_tiivistelma171214.pdf\" target=\"_blank\" rel=\"noopener noreferrer\">Hankekuvaus (pdf)<\/a>.<\/li>\n<\/ul>\n<p><strong>2013<\/strong><br \/>\nLuonnonmukaisen tuotannon edist\u00e4miss\u00e4\u00e4ti\u00f6 p\u00e4\u00e4tti kohdentaa ensimm\u00e4isen jakamansa avustuksen luomuviljojen siementen lajikekokeisiin ja koeviljelyyn.<\/p>\n<ul>\n<li><a title=\"Luomuviljan tuotannon tehostaminen tilahavaintokokeilla\" href=\"http:\/\/www.luomusaatio.fi\/wp\/wp-content\/uploads\/2014\/01\/Tiedote24012014.pdf\" target=\"_blank\" rel=\"noopener noreferrer\"><span style=\"text-decoration: underline;\">Luomuviljan tuotannon tehostaminen tilahavaintokokeilla<\/span><\/a>, Proagria<\/li>\n<\/ul>\n","protected":false},"excerpt":{"rendered":"<p>My\u00f6nnetyt avustukset 2025 Luomus\u00e4\u00e4ti\u00f6 on tukemassa seuraavia hankkeita: &#8221;Uutta virtaa J\u00e4rvi-Suomen Luomuun&#8221; hanketta. Hankekuvaus (pdf) &#8221;Suomalaisten Luomutilojen viljelykierrot&#8221; Hankekuvaus (pdf) &#8221;Luomuoppikirja 2.0 \u2013 luomutietoa ja -osaamista ruokaj\u00e4rjestelm\u00e4n toimijoille&#8221; Hankekuvaus (pdf) 2024 Luomus\u00e4\u00e4ti\u00f6 on p\u00e4\u00e4tt\u00e4nyt osallistua &#8221;Luomukauralajikkeiden erityispiirteet&#8221; hankkeen rahoitukseen. Hankekuvaus &hellip;<\/p>\n<p class=\"read-more\"> <a class=\"more-link\" href=\"https:\/\/www.luomusaatio.fi\/wp\/avustusten-haku\/myonnetyt-avustukset\/\"> <span class=\"screen-reader-text\">My\u00f6nnetyt avustukset<\/span> Lue lis\u00e4\u00e4 &raquo;<\/a><\/p>\n","protected":false},"author":3,"featured_media":0,"parent":13,"menu_order":0,"comment_status":"closed","ping_status":"closed","template":"full-width-page.php","meta":{"footnotes":""},"class_list":["post-466","page","type-page","status-publish","hentry"],"_links":{"self":[{"href":"https:\/\/www.luomusaatio.fi\/wp\/wp-json\/wp\/v2\/pages\/466","targetHints":{"allow":["GET"]}}],"collection":[{"href":"https:\/\/www.luomusaatio.fi\/wp\/wp-json\/wp\/v2\/pages"}],"about":[{"href":"https:\/\/www.luomusaatio.fi\/wp\/wp-json\/wp\/v2\/types\/page"}],"author":[{"embeddable":true,"href":"https:\/\/www.luomusaatio.fi\/wp\/wp-json\/wp\/v2\/users\/3"}],"replies":[{"embeddable":true,"href":"https:\/\/www.luomusaatio.fi\/wp\/wp-json\/wp\/v2\/comments?post=466"}],"version-history":[{"count":42,"href":"https:\/\/www.luomusaatio.fi\/wp\/wp-json\/wp\/v2\/pages\/466\/revisions"}],"predecessor-version":[{"id":721,"href":"https:\/\/www.luomusaatio.fi\/wp\/wp-json\/wp\/v2\/pages\/466\/revisions\/721"}],"up":[{"embeddable":true,"href":"https:\/\/www.luomusaatio.fi\/wp\/wp-json\/wp\/v2\/pages\/13"}],"wp:attachment":[{"href":"https:\/\/www.luomusaatio.fi\/wp\/wp-json\/wp\/v2\/media?parent=466"}],"curies":[{"name":"wp","href":"https:\/\/api.w.org\/{rel}","templated":true}]}}