{"id":554,"date":"2016-02-10T17:06:21","date_gmt":"2016-02-10T15:06:21","guid":{"rendered":"http:\/\/www.luomusaatio.fi\/wp\/?page_id=554"},"modified":"2024-10-10T20:39:06","modified_gmt":"2024-10-10T17:39:06","slug":"avustushaku","status":"publish","type":"page","link":"https:\/\/www.luomusaatio.fi\/wp\/avustushaku\/","title":{"rendered":"Avustushaku"},"content":{"rendered":"<p><strong>Avustushaku<br \/>\n<\/strong><\/p>\n<p>Luomus\u00e4\u00e4ti\u00f6ll\u00e4 ei ole t\u00e4ll\u00e4 hetkell\u00e4 kohdennettua hakua. Odotamme ja haluaisimme kuulla uusista ajatuksista, ideoista ja toiminta tavoista, joiden avulla voisimme edist\u00e4\u00e4 suomalaista luonnonmukaista tuotantoa s\u00e4\u00e4nt\u00f6jemme sallimissa rajoissa. Ottakaa yhteytt\u00e4.<\/p>\n","protected":false},"excerpt":{"rendered":"<p>Avustushaku Luomus\u00e4\u00e4ti\u00f6ll\u00e4 ei ole t\u00e4ll\u00e4 hetkell\u00e4 kohdennettua hakua. Odotamme ja haluaisimme kuulla uusista ajatuksista, ideoista ja toiminta tavoista, joiden avulla voisimme edist\u00e4\u00e4 suomalaista luonnonmukaista tuotantoa s\u00e4\u00e4nt\u00f6jemme sallimissa rajoissa. Ottakaa yhteytt\u00e4.<\/p>\n","protected":false},"author":3,"featured_media":663,"parent":0,"menu_order":0,"comment_status":"closed","ping_status":"closed","template":"","meta":{"footnotes":""},"class_list":["post-554","page","type-page","status-publish","has-post-thumbnail","hentry"],"_links":{"self":[{"href":"https:\/\/www.luomusaatio.fi\/wp\/wp-json\/wp\/v2\/pages\/554","targetHints":{"allow":["GET"]}}],"collection":[{"href":"https:\/\/www.luomusaatio.fi\/wp\/wp-json\/wp\/v2\/pages"}],"about":[{"href":"https:\/\/www.luomusaatio.fi\/wp\/wp-json\/wp\/v2\/types\/page"}],"author":[{"embeddable":true,"href":"https:\/\/www.luomusaatio.fi\/wp\/wp-json\/wp\/v2\/users\/3"}],"replies":[{"embeddable":true,"href":"https:\/\/www.luomusaatio.fi\/wp\/wp-json\/wp\/v2\/comments?post=554"}],"version-history":[{"count":18,"href":"https:\/\/www.luomusaatio.fi\/wp\/wp-json\/wp\/v2\/pages\/554\/revisions"}],"predecessor-version":[{"id":704,"href":"https:\/\/www.luomusaatio.fi\/wp\/wp-json\/wp\/v2\/pages\/554\/revisions\/704"}],"wp:featuredmedia":[{"embeddable":true,"href":"https:\/\/www.luomusaatio.fi\/wp\/wp-json\/wp\/v2\/media\/663"}],"wp:attachment":[{"href":"https:\/\/www.luomusaatio.fi\/wp\/wp-json\/wp\/v2\/media?parent=554"}],"curies":[{"name":"wp","href":"https:\/\/api.w.org\/{rel}","templated":true}]}}